{"id":153,"date":"2025-01-14T16:59:35","date_gmt":"2025-01-14T16:59:35","guid":{"rendered":"https:\/\/qapasity.com\/contact\/"},"modified":"2025-01-31T22:54:42","modified_gmt":"2025-01-31T22:54:42","slug":"kontakt","status":"publish","type":"page","link":"https:\/\/qapasity.com\/sv\/kontakt\/","title":{"rendered":"Kontakt"},"content":{"rendered":"\t\t<div data-elementor-type=\"wp-page\" data-elementor-id=\"153\" class=\"elementor elementor-153\" data-elementor-post-type=\"page\">\n\t\t\t\t<div class=\"elementor-element elementor-element-6ae62c4b e-flex e-con-boxed e-con e-parent\" data-id=\"6ae62c4b\" data-element_type=\"container\" data-e-type=\"container\" data-settings=\"{&quot;background_background&quot;:&quot;classic&quot;}\">\n\t\t\t\t\t<div class=\"e-con-inner\">\n\t\t<div class=\"elementor-element elementor-element-1eebd3c4 e-con-full e-flex e-con e-child\" data-id=\"1eebd3c4\" data-element_type=\"container\" data-e-type=\"container\">\n\t\t\t\t<div class=\"elementor-element elementor-element-a26a9d1 elementor-widget elementor-widget-heading\" data-id=\"a26a9d1\" data-element_type=\"widget\" data-e-type=\"widget\" data-widget_type=\"heading.default\">\n\t\t\t\t<div class=\"elementor-widget-container\">\n\t\t\t\t\t<h1 class=\"elementor-heading-title elementor-size-default\">Contact us to become a partner for installation or distribution<\/h1>\t\t\t\t<\/div>\n\t\t\t\t<\/div>\n\t\t\t\t<\/div>\n\t\t<div class=\"elementor-element elementor-element-38af5d6e e-con-full e-flex e-con e-child\" data-id=\"38af5d6e\" data-element_type=\"container\" data-e-type=\"container\" data-settings=\"{&quot;background_background&quot;:&quot;classic&quot;,&quot;background_motion_fx_motion_fx_scrolling&quot;:&quot;yes&quot;,&quot;background_motion_fx_opacity_effect&quot;:&quot;yes&quot;,&quot;background_motion_fx_opacity_level&quot;:{&quot;unit&quot;:&quot;px&quot;,&quot;size&quot;:&quot;7&quot;,&quot;sizes&quot;:[]},&quot;background_motion_fx_opacity_range&quot;:{&quot;unit&quot;:&quot;%&quot;,&quot;size&quot;:&quot;&quot;,&quot;sizes&quot;:{&quot;start&quot;:&quot;0&quot;,&quot;end&quot;:&quot;100&quot;}},&quot;background_motion_fx_opacity_direction&quot;:&quot;out-in&quot;,&quot;background_motion_fx_devices&quot;:[&quot;desktop&quot;,&quot;tablet&quot;,&quot;mobile&quot;]}\">\n\t\t\t\t<div class=\"elementor-element elementor-element-460384e1 elementor-align-right elementor-widget elementor-widget-lottie\" data-id=\"460384e1\" data-element_type=\"widget\" data-e-type=\"widget\" data-settings=\"{&quot;source_json&quot;:{&quot;url&quot;:&quot;https:\\\/\\\/qapasity.com\\\/wp-content\\\/uploads\\\/2025\\\/01\\\/Contact-hero-ilus-circ.json&quot;,&quot;id&quot;:154,&quot;size&quot;:&quot;&quot;},&quot;loop&quot;:&quot;yes&quot;,&quot;play_speed&quot;:{&quot;unit&quot;:&quot;px&quot;,&quot;size&quot;:&quot;1.5&quot;,&quot;sizes&quot;:[]},&quot;lazyload&quot;:&quot;yes&quot;,&quot;source&quot;:&quot;media_file&quot;,&quot;caption_source&quot;:&quot;none&quot;,&quot;link_to&quot;:&quot;none&quot;,&quot;trigger&quot;:&quot;arriving_to_viewport&quot;,&quot;viewport&quot;:{&quot;unit&quot;:&quot;%&quot;,&quot;size&quot;:&quot;&quot;,&quot;sizes&quot;:{&quot;start&quot;:0,&quot;end&quot;:100}},&quot;start_point&quot;:{&quot;unit&quot;:&quot;%&quot;,&quot;size&quot;:0,&quot;sizes&quot;:[]},&quot;end_point&quot;:{&quot;unit&quot;:&quot;%&quot;,&quot;size&quot;:100,&quot;sizes&quot;:[]},&quot;renderer&quot;:&quot;svg&quot;}\" data-widget_type=\"lottie.default\">\n\t\t\t\t<div class=\"elementor-widget-container\">\n\t\t\t\t\t<div class=\"e-lottie__container\"><div class=\"e-lottie__animation\"><\/div><\/div>\t\t\t\t<\/div>\n\t\t\t\t<\/div>\n\t\t\t\t<\/div>\n\t\t\t\t\t<\/div>\n\t\t\t\t<\/div>\n\t\t<div class=\"elementor-element elementor-element-2e931d1a e-flex e-con-boxed e-con e-parent\" data-id=\"2e931d1a\" data-element_type=\"container\" data-e-type=\"container\">\n\t\t\t\t\t<div class=\"e-con-inner\">\n\t\t<div class=\"elementor-element elementor-element-26dcc4ab e-con-full e-flex e-con e-child\" data-id=\"26dcc4ab\" data-element_type=\"container\" data-e-type=\"container\">\n\t\t\t\t<div class=\"elementor-element elementor-element-71e9e2dc elementor-widget elementor-widget-menu-anchor\" data-id=\"71e9e2dc\" data-element_type=\"widget\" data-e-type=\"widget\" id=\"contactform\" data-widget_type=\"menu-anchor.default\">\n\t\t\t\t<div class=\"elementor-widget-container\">\n\t\t\t\t\t\t\t<div class=\"elementor-menu-anchor\" id=\"contactform\"><\/div>\n\t\t\t\t\t\t<\/div>\n\t\t\t\t<\/div>\n\t\t\t\t<div class=\"elementor-element elementor-element-503eb2c7 elementor-widget elementor-widget-heading\" data-id=\"503eb2c7\" data-element_type=\"widget\" data-e-type=\"widget\" data-widget_type=\"heading.default\">\n\t\t\t\t<div class=\"elementor-widget-container\">\n\t\t\t\t\t<h2 class=\"elementor-heading-title elementor-size-default\">Send Us A Message<\/h2>\t\t\t\t<\/div>\n\t\t\t\t<\/div>\n\t\t\t\t<div class=\"elementor-element elementor-element-715a3c6d elementor-widget elementor-widget-text-editor\" data-id=\"715a3c6d\" data-element_type=\"widget\" data-e-type=\"widget\" data-widget_type=\"text-editor.default\">\n\t\t\t\t<div class=\"elementor-widget-container\">\n\t\t\t\t\t\t\t\t\t<p>Please fill out the form and we\u2019ll contact you<\/p>\t\t\t\t\t\t\t\t<\/div>\n\t\t\t\t<\/div>\n\t\t\t\t<div class=\"elementor-element elementor-element-168109c6 elementor-button-align-center elementor-mobile-button-align-stretch elementor-widget elementor-widget-form\" data-id=\"168109c6\" data-element_type=\"widget\" data-e-type=\"widget\" data-settings=\"{&quot;step_next_label&quot;:&quot;Next&quot;,&quot;step_previous_label&quot;:&quot;Previous&quot;,&quot;button_width&quot;:&quot;100&quot;,&quot;step_type&quot;:&quot;number_text&quot;,&quot;step_icon_shape&quot;:&quot;circle&quot;}\" data-widget_type=\"form.default\">\n\t\t\t\t<div class=\"elementor-widget-container\">\n\t\t\t\t\t\t\t<form class=\"elementor-form\" method=\"post\" id=\"contact_us\" name=\"Contact Form\" aria-label=\"Contact Form\">\n\t\t\t<input type=\"hidden\" name=\"post_id\" value=\"153\"\/>\n\t\t\t<input type=\"hidden\" name=\"form_id\" value=\"168109c6\"\/>\n\t\t\t<input type=\"hidden\" name=\"referer_title\" value=\"Contact - Qapasity\" \/>\n\n\t\t\t\t\t\t\t<input type=\"hidden\" name=\"queried_id\" value=\"153\"\/>\n\t\t\t\n\t\t\t<div class=\"elementor-form-fields-wrapper elementor-labels-\">\n\t\t\t\t\t\t\t\t<div class=\"elementor-field-type-text elementor-field-group elementor-column elementor-field-group-field_bdacc7d elementor-col-50 elementor-field-required\">\n\t\t\t\t\t\t\t\t\t\t\t\t<label for=\"form-field-field_bdacc7d\" class=\"elementor-field-label elementor-screen-only\">\n\t\t\t\t\t\t\t\tFull Name\t\t\t\t\t\t\t<\/label>\n\t\t\t\t\t\t\t\t\t\t\t\t\t\t<input size=\"1\" type=\"text\" name=\"form_fields[field_bdacc7d]\" id=\"form-field-field_bdacc7d\" class=\"elementor-field elementor-size-sm  elementor-field-textual\" placeholder=\"Name\" required=\"required\">\n\t\t\t\t\t\t\t\t\t\t\t<\/div>\n\t\t\t\t\t\t\t\t<div class=\"elementor-field-type-email elementor-field-group elementor-column elementor-field-group-email elementor-col-50 elementor-field-required\">\n\t\t\t\t\t\t\t\t\t\t\t\t<label for=\"form-field-email\" class=\"elementor-field-label elementor-screen-only\">\n\t\t\t\t\t\t\t\tEmail\t\t\t\t\t\t\t<\/label>\n\t\t\t\t\t\t\t\t\t\t\t\t\t\t<input size=\"1\" type=\"email\" name=\"form_fields[email]\" id=\"form-field-email\" class=\"elementor-field elementor-size-sm  elementor-field-textual\" placeholder=\"Email\" required=\"required\">\n\t\t\t\t\t\t\t\t\t\t\t<\/div>\n\t\t\t\t\t\t\t\t<div class=\"elementor-field-type-select elementor-field-group elementor-column elementor-field-group-name elementor-col-50\">\n\t\t\t\t\t\t\t\t\t\t\t\t<label for=\"form-field-name\" class=\"elementor-field-label elementor-screen-only\">\n\t\t\t\t\t\t\t\tindividual or a business\t\t\t\t\t\t\t<\/label>\n\t\t\t\t\t\t\t\t<div class=\"elementor-field elementor-select-wrapper remove-before \">\n\t\t\t<div class=\"select-caret-down-wrapper\">\n\t\t\t\t<svg aria-hidden=\"true\" class=\"e-font-icon-svg e-eicon-caret-down\" viewBox=\"0 0 571.4 571.4\" xmlns=\"http:\/\/www.w3.org\/2000\/svg\"><path d=\"M571 393Q571 407 561 418L311 668Q300 679 286 679T261 668L11 418Q0 407 0 393T11 368 36 357H536Q550 357 561 368T571 393Z\"><\/path><\/svg>\t\t\t<\/div>\n\t\t\t<select name=\"form_fields[name]\" id=\"form-field-name\" class=\"elementor-field-textual elementor-size-sm\">\n\t\t\t\t\t\t\t\t\t<option value=\"Are you an individual or a business? \">Are you an individual or a business? <\/option>\n\t\t\t\t\t\t\t\t\t<option value=\"Individual\">Individual<\/option>\n\t\t\t\t\t\t\t\t\t<option value=\"Business\">Business<\/option>\n\t\t\t\t\t\t\t\t\t<option value=\"\"><\/option>\n\t\t\t\t\t\t\t<\/select>\n\t\t<\/div>\n\t\t\t\t\t\t<\/div>\n\t\t\t\t\t\t\t\t<div class=\"elementor-field-type-textarea elementor-field-group elementor-column elementor-field-group-message elementor-col-100 elementor-field-required\">\n\t\t\t\t\t\t\t\t\t\t\t\t<label for=\"form-field-message\" class=\"elementor-field-label elementor-screen-only\">\n\t\t\t\t\t\t\t\tHow Can We Help You?\t\t\t\t\t\t\t<\/label>\n\t\t\t\t\t\t<textarea class=\"elementor-field-textual elementor-field  elementor-size-sm\" name=\"form_fields[message]\" id=\"form-field-message\" rows=\"4\" placeholder=\"How Can We Help You?\" required=\"required\"><\/textarea>\t\t\t\t<\/div>\n\t\t\t\t\t\t\t\t<div class=\"elementor-field-group elementor-column elementor-field-type-submit elementor-col-100 e-form__buttons\">\n\t\t\t\t\t<button class=\"elementor-button elementor-size-sm\" type=\"submit\">\n\t\t\t\t\t\t<span class=\"elementor-button-content-wrapper\">\n\t\t\t\t\t\t\t\t\t\t\t\t\t\t\t\t\t\t\t\t\t\t<span class=\"elementor-button-text\">Send<\/span>\n\t\t\t\t\t\t\t\t\t\t\t\t\t<\/span>\n\t\t\t\t\t<\/button>\n\t\t\t\t<\/div>\n\t\t\t<\/div>\n\t\t<\/form>\n\t\t\t\t\t\t<\/div>\n\t\t\t\t<\/div>\n\t\t\t\t<\/div>\n\t\t\t\t\t<\/div>\n\t\t\t\t<\/div>\n\t\t<div class=\"elementor-element elementor-element-bb9b863 e-flex e-con-boxed e-con e-parent\" data-id=\"bb9b863\" data-element_type=\"container\" data-e-type=\"container\">\n\t\t\t\t\t<div class=\"e-con-inner\">\n\t\t<div class=\"elementor-element elementor-element-21a8f15d e-con-full elementor-hidden-desktop elementor-hidden-tablet elementor-hidden-mobile e-flex e-con e-child\" data-id=\"21a8f15d\" data-element_type=\"container\" data-e-type=\"container\">\n\t\t\t\t<div class=\"elementor-element elementor-element-4c2edc05 elementor-widget elementor-widget-heading\" data-id=\"4c2edc05\" data-element_type=\"widget\" data-e-type=\"widget\" data-widget_type=\"heading.default\">\n\t\t\t\t<div class=\"elementor-widget-container\">\n\t\t\t\t\t<h3 class=\"elementor-heading-title elementor-size-default\">Address<\/h3>\t\t\t\t<\/div>\n\t\t\t\t<\/div>\n\t\t\t\t<div class=\"elementor-element elementor-element-706057f0 elementor-widget elementor-widget-text-editor\" data-id=\"706057f0\" data-element_type=\"widget\" data-e-type=\"widget\" data-widget_type=\"text-editor.default\">\n\t\t\t\t<div class=\"elementor-widget-container\">\n\t\t\t\t\t\t\t\t\t<p>Norrtullsgatan 15,\u00a0<\/p><p>113 29, Stockholm<\/p>\t\t\t\t\t\t\t\t<\/div>\n\t\t\t\t<\/div>\n\t\t\t\t<\/div>\n\t\t\t\t\t<\/div>\n\t\t\t\t<\/div>\n\t\t\t\t<\/div>\n\t\t","protected":false},"excerpt":{"rendered":"<p>Kontakta oss f\u00f6r att bli partner f\u00f6r installation eller distribution Skicka ett meddelande Fyll i formul\u00e4ret s\u00e5 kontaktar vi dig Adress Norrtullsgatan 15, 113 29, Stockholm<\/p>","protected":false},"author":2,"featured_media":158,"parent":0,"menu_order":0,"comment_status":"closed","ping_status":"closed","template":"elementor_header_footer","meta":{"footnotes":""},"class_list":["post-153","page","type-page","status-publish","has-post-thumbnail","hentry"],"yoast_head":"<!-- This site is optimized with the Yoast SEO Premium plugin v26.3 (Yoast SEO v27.4) - https:\/\/yoast.com\/product\/yoast-seo-premium-wordpress\/ -->\n<title>Contact - Qapasity<\/title>\n<meta name=\"robots\" content=\"index, follow, max-snippet:-1, max-image-preview:large, max-video-preview:-1\" \/>\n<link rel=\"canonical\" href=\"https:\/\/qapasity.com\/sv\/kontakt\/\" \/>\n<meta property=\"og:locale\" content=\"sv_SE\" \/>\n<meta property=\"og:type\" content=\"article\" \/>\n<meta property=\"og:title\" content=\"Contact\" \/>\n<meta property=\"og:description\" content=\"Contact us to become a partner for installation or distribution Send Us A Message Please fill out the form and we\u2019ll contact you Address Norrtullsgatan 15,\u00a0 113 29, Stockholm\" \/>\n<meta property=\"og:url\" content=\"https:\/\/qapasity.com\/sv\/kontakt\/\" \/>\n<meta property=\"og:site_name\" content=\"Qapasity\" \/>\n<meta property=\"article:modified_time\" content=\"2025-01-31T22:54:42+00:00\" \/>\n<meta property=\"og:image\" content=\"https:\/\/qapasity.com\/wp-content\/uploads\/2025\/01\/Contact.avif\" \/>\n\t<meta property=\"og:image:width\" content=\"400\" \/>\n\t<meta property=\"og:image:height\" content=\"380\" \/>\n\t<meta property=\"og:image:type\" content=\"image\/jpeg\" \/>\n<meta name=\"twitter:card\" content=\"summary_large_image\" \/>\n<meta name=\"twitter:label1\" content=\"Ber\u00e4knad l\u00e4stid\" \/>\n\t<meta name=\"twitter:data1\" content=\"1 minut\" \/>\n<script type=\"application\/ld+json\" class=\"yoast-schema-graph\">{\"@context\":\"https:\\\/\\\/schema.org\",\"@graph\":[{\"@type\":\"WebPage\",\"@id\":\"https:\\\/\\\/qapasity.com\\\/contact\\\/\",\"url\":\"https:\\\/\\\/qapasity.com\\\/contact\\\/\",\"name\":\"Contact - Qapasity\",\"isPartOf\":{\"@id\":\"https:\\\/\\\/qapasity.com\\\/#website\"},\"primaryImageOfPage\":{\"@id\":\"https:\\\/\\\/qapasity.com\\\/contact\\\/#primaryimage\"},\"image\":{\"@id\":\"https:\\\/\\\/qapasity.com\\\/contact\\\/#primaryimage\"},\"thumbnailUrl\":\"https:\\\/\\\/qapasity.com\\\/wp-content\\\/uploads\\\/2025\\\/01\\\/Contact.avif\",\"datePublished\":\"2025-01-14T16:59:35+00:00\",\"dateModified\":\"2025-01-31T22:54:42+00:00\",\"breadcrumb\":{\"@id\":\"https:\\\/\\\/qapasity.com\\\/contact\\\/#breadcrumb\"},\"inLanguage\":\"sv-SE\",\"potentialAction\":[{\"@type\":\"ReadAction\",\"target\":[\"https:\\\/\\\/qapasity.com\\\/contact\\\/\"]}]},{\"@type\":\"ImageObject\",\"inLanguage\":\"sv-SE\",\"@id\":\"https:\\\/\\\/qapasity.com\\\/contact\\\/#primaryimage\",\"url\":\"https:\\\/\\\/qapasity.com\\\/wp-content\\\/uploads\\\/2025\\\/01\\\/Contact.avif\",\"contentUrl\":\"https:\\\/\\\/qapasity.com\\\/wp-content\\\/uploads\\\/2025\\\/01\\\/Contact.avif\",\"width\":400,\"height\":380},{\"@type\":\"BreadcrumbList\",\"@id\":\"https:\\\/\\\/qapasity.com\\\/contact\\\/#breadcrumb\",\"itemListElement\":[{\"@type\":\"ListItem\",\"position\":1,\"name\":\"Hem\",\"item\":\"https:\\\/\\\/qapasity.com\\\/\"},{\"@type\":\"ListItem\",\"position\":2,\"name\":\"Contact\"}]},{\"@type\":\"WebSite\",\"@id\":\"https:\\\/\\\/qapasity.com\\\/#website\",\"url\":\"https:\\\/\\\/qapasity.com\\\/\",\"name\":\"Qapasity\",\"description\":\"\",\"publisher\":{\"@id\":\"https:\\\/\\\/qapasity.com\\\/#organization\"},\"potentialAction\":[{\"@type\":\"SearchAction\",\"target\":{\"@type\":\"EntryPoint\",\"urlTemplate\":\"https:\\\/\\\/qapasity.com\\\/?s={search_term_string}\"},\"query-input\":{\"@type\":\"PropertyValueSpecification\",\"valueRequired\":true,\"valueName\":\"search_term_string\"}}],\"inLanguage\":\"sv-SE\"},{\"@type\":\"Organization\",\"@id\":\"https:\\\/\\\/qapasity.com\\\/#organization\",\"name\":\"Qapasity\",\"url\":\"https:\\\/\\\/qapasity.com\\\/\",\"logo\":{\"@type\":\"ImageObject\",\"inLanguage\":\"sv-SE\",\"@id\":\"https:\\\/\\\/qapasity.com\\\/#\\\/schema\\\/logo\\\/image\\\/\",\"url\":\"https:\\\/\\\/qapasity.com\\\/wp-content\\\/uploads\\\/2025\\\/01\\\/Black-logo-no-background-png.avif\",\"contentUrl\":\"https:\\\/\\\/qapasity.com\\\/wp-content\\\/uploads\\\/2025\\\/01\\\/Black-logo-no-background-png.avif\",\"width\":3163,\"height\":973,\"caption\":\"Qapasity\"},\"image\":{\"@id\":\"https:\\\/\\\/qapasity.com\\\/#\\\/schema\\\/logo\\\/image\\\/\"}}]}<\/script>\n<!-- \/ Yoast SEO Premium plugin. -->","yoast_head_json":{"title":"Kontakt - Qapasity","robots":{"index":"index","follow":"follow","max-snippet":"max-snippet:-1","max-image-preview":"max-image-preview:large","max-video-preview":"max-video-preview:-1"},"canonical":"https:\/\/qapasity.com\/sv\/kontakt\/","og_locale":"sv_SE","og_type":"article","og_title":"Contact","og_description":"Contact us to become a partner for installation or distribution Send Us A Message Please fill out the form and we\u2019ll contact you Address Norrtullsgatan 15,\u00a0 113 29, Stockholm","og_url":"https:\/\/qapasity.com\/sv\/kontakt\/","og_site_name":"Qapasity","article_modified_time":"2025-01-31T22:54:42+00:00","og_image":[{"width":400,"height":380,"url":"https:\/\/qapasity.com\/wp-content\/uploads\/2025\/01\/Contact.avif","type":"image\/jpeg"}],"twitter_card":"summary_large_image","twitter_misc":{"Ber\u00e4knad l\u00e4stid":"1 minut"},"schema":{"@context":"https:\/\/schema.org","@graph":[{"@type":"WebPage","@id":"https:\/\/qapasity.com\/contact\/","url":"https:\/\/qapasity.com\/contact\/","name":"Kontakt - Qapasity","isPartOf":{"@id":"https:\/\/qapasity.com\/#website"},"primaryImageOfPage":{"@id":"https:\/\/qapasity.com\/contact\/#primaryimage"},"image":{"@id":"https:\/\/qapasity.com\/contact\/#primaryimage"},"thumbnailUrl":"https:\/\/qapasity.com\/wp-content\/uploads\/2025\/01\/Contact.avif","datePublished":"2025-01-14T16:59:35+00:00","dateModified":"2025-01-31T22:54:42+00:00","breadcrumb":{"@id":"https:\/\/qapasity.com\/contact\/#breadcrumb"},"inLanguage":"sv-SE","potentialAction":[{"@type":"ReadAction","target":["https:\/\/qapasity.com\/contact\/"]}]},{"@type":"ImageObject","inLanguage":"sv-SE","@id":"https:\/\/qapasity.com\/contact\/#primaryimage","url":"https:\/\/qapasity.com\/wp-content\/uploads\/2025\/01\/Contact.avif","contentUrl":"https:\/\/qapasity.com\/wp-content\/uploads\/2025\/01\/Contact.avif","width":400,"height":380},{"@type":"BreadcrumbList","@id":"https:\/\/qapasity.com\/contact\/#breadcrumb","itemListElement":[{"@type":"ListItem","position":1,"name":"Hem","item":"https:\/\/qapasity.com\/"},{"@type":"ListItem","position":2,"name":"Contact"}]},{"@type":"WebSite","@id":"https:\/\/qapasity.com\/#website","url":"https:\/\/qapasity.com\/","name":"Qapasity","description":"","publisher":{"@id":"https:\/\/qapasity.com\/#organization"},"potentialAction":[{"@type":"SearchAction","target":{"@type":"EntryPoint","urlTemplate":"https:\/\/qapasity.com\/?s={search_term_string}"},"query-input":{"@type":"PropertyValueSpecification","valueRequired":true,"valueName":"search_term_string"}}],"inLanguage":"sv-SE"},{"@type":"Organization","@id":"https:\/\/qapasity.com\/#organization","name":"Qapasity","url":"https:\/\/qapasity.com\/","logo":{"@type":"ImageObject","inLanguage":"sv-SE","@id":"https:\/\/qapasity.com\/#\/schema\/logo\/image\/","url":"https:\/\/qapasity.com\/wp-content\/uploads\/2025\/01\/Black-logo-no-background-png.avif","contentUrl":"https:\/\/qapasity.com\/wp-content\/uploads\/2025\/01\/Black-logo-no-background-png.avif","width":3163,"height":973,"caption":"Qapasity"},"image":{"@id":"https:\/\/qapasity.com\/#\/schema\/logo\/image\/"}}]}},"_links":{"self":[{"href":"https:\/\/qapasity.com\/sv\/wp-json\/wp\/v2\/pages\/153","targetHints":{"allow":["GET"]}}],"collection":[{"href":"https:\/\/qapasity.com\/sv\/wp-json\/wp\/v2\/pages"}],"about":[{"href":"https:\/\/qapasity.com\/sv\/wp-json\/wp\/v2\/types\/page"}],"author":[{"embeddable":true,"href":"https:\/\/qapasity.com\/sv\/wp-json\/wp\/v2\/users\/2"}],"replies":[{"embeddable":true,"href":"https:\/\/qapasity.com\/sv\/wp-json\/wp\/v2\/comments?post=153"}],"version-history":[{"count":56,"href":"https:\/\/qapasity.com\/sv\/wp-json\/wp\/v2\/pages\/153\/revisions"}],"predecessor-version":[{"id":1329,"href":"https:\/\/qapasity.com\/sv\/wp-json\/wp\/v2\/pages\/153\/revisions\/1329"}],"wp:featuredmedia":[{"embeddable":true,"href":"https:\/\/qapasity.com\/sv\/wp-json\/wp\/v2\/media\/158"}],"wp:attachment":[{"href":"https:\/\/qapasity.com\/sv\/wp-json\/wp\/v2\/media?parent=153"}],"curies":[{"name":"wp","href":"https:\/\/api.w.org\/{rel}","templated":true}]}}