{"id":292,"date":"2025-01-24T13:03:10","date_gmt":"2025-01-24T13:03:10","guid":{"rendered":"https:\/\/qapasity.com\/?page_id=292"},"modified":"2025-02-03T13:54:12","modified_gmt":"2025-02-03T13:54:12","slug":"blogg","status":"publish","type":"page","link":"https:\/\/qapasity.com\/sv\/blogg\/","title":{"rendered":"Blogg"},"content":{"rendered":"<div data-elementor-type=\"wp-page\" data-elementor-id=\"292\" class=\"elementor elementor-292\" data-elementor-post-type=\"page\">\n\t\t\t\t<div class=\"elementor-element elementor-element-dddb0d2 e-con-full e-flex e-con e-parent\" data-id=\"dddb0d2\" data-element_type=\"container\" data-e-type=\"container\">\n\t\t<div class=\"elementor-element elementor-element-11c1224 e-con-full e-flex e-con e-child\" data-id=\"11c1224\" data-element_type=\"container\" data-e-type=\"container\" data-settings=\"{&quot;background_background&quot;:&quot;classic&quot;}\">\n\t\t<div class=\"elementor-element elementor-element-599b3e1 e-con-full e-flex e-con e-child\" data-id=\"599b3e1\" data-element_type=\"container\" data-e-type=\"container\">\n\t\t\t\t<div class=\"elementor-element elementor-element-5fb7922 elementor-widget elementor-widget-heading\" data-id=\"5fb7922\" data-element_type=\"widget\" data-e-type=\"widget\" data-widget_type=\"heading.default\">\n\t\t\t\t<div class=\"elementor-widget-container\">\n\t\t\t\t\t<h1 class=\"elementor-heading-title elementor-size-default\">qapasity Blogg<\/h1>\t\t\t\t<\/div>\n\t\t\t\t<\/div>\n\t\t\t\t<\/div>\n\t\t\t\t<\/div>\n\t\t\t\t<\/div>\n\t\t<div class=\"elementor-element elementor-element-33bafcb4 e-flex e-con-boxed e-con e-parent\" data-id=\"33bafcb4\" data-element_type=\"container\" data-e-type=\"container\" data-settings=\"{&quot;background_background&quot;:&quot;classic&quot;}\">\n\t\t\t\t\t<div class=\"e-con-inner\">\n\t\t\t\t<div class=\"elementor-element elementor-element-27e7545 elementor-hidden-desktop elementor-hidden-tablet elementor-hidden-mobile elementor-widget elementor-widget-heading\" data-id=\"27e7545\" data-element_type=\"widget\" data-e-type=\"widget\" data-widget_type=\"heading.default\">\n\t\t\t\t<div class=\"elementor-widget-container\">\n\t\t\t\t\t<h1 class=\"elementor-heading-title elementor-size-default\">qapasity blogg<\/h1>\t\t\t\t<\/div>\n\t\t\t\t<\/div>\n\t\t\t\t<div class=\"elementor-element elementor-element-02d1755 elementor-grid-3 elementor-grid-tablet-2 elementor-grid-mobile-1 elementor-posts--thumbnail-top elementor-posts--show-avatar elementor-posts__hover-gradient elementor-widget elementor-widget-posts\" data-id=\"02d1755\" data-element_type=\"widget\" data-e-type=\"widget\" data-settings=\"{&quot;pagination_type&quot;:&quot;numbers&quot;,&quot;cards_columns&quot;:&quot;3&quot;,&quot;cards_columns_tablet&quot;:&quot;2&quot;,&quot;cards_columns_mobile&quot;:&quot;1&quot;,&quot;cards_row_gap&quot;:{&quot;unit&quot;:&quot;px&quot;,&quot;size&quot;:35,&quot;sizes&quot;:[]},&quot;cards_row_gap_tablet&quot;:{&quot;unit&quot;:&quot;px&quot;,&quot;size&quot;:&quot;&quot;,&quot;sizes&quot;:[]},&quot;cards_row_gap_mobile&quot;:{&quot;unit&quot;:&quot;px&quot;,&quot;size&quot;:&quot;&quot;,&quot;sizes&quot;:[]}}\" data-widget_type=\"posts.cards\">\n\t\t\t\t<div class=\"elementor-widget-container\">\n\t\t\t\t\t\t\t<div class=\"elementor-posts-container elementor-posts elementor-posts--skin-cards elementor-grid\" role=\"list\">\n\t\t\t\t<article class=\"elementor-post elementor-grid-item post-1360 post type-post status-publish format-standard has-post-thumbnail hentry category-compatibility\" role=\"listitem\">\n\t\t\t<div class=\"elementor-post__card\">\n\t\t\t\t<a class=\"elementor-post__thumbnail__link\" href=\"https:\/\/qapasity.com\/sv\/energilagring-for-lantbruk\/\" tabindex=\"-1\" ><div class=\"elementor-post__thumbnail\"><img fetchpriority=\"high\" decoding=\"async\" width=\"768\" height=\"1152\" src=\"https:\/\/qapasity.com\/wp-content\/uploads\/2025\/02\/farm_01_white-768x1152.avif\" class=\"attachment-medium_large size-medium_large wp-image-1361\" alt=\"\" srcset=\"https:\/\/qapasity.com\/wp-content\/uploads\/2025\/02\/farm_01_white-768x1152.avif 768w, https:\/\/qapasity.com\/wp-content\/uploads\/2025\/02\/farm_01_white-200x300.avif 200w, https:\/\/qapasity.com\/wp-content\/uploads\/2025\/02\/farm_01_white-683x1024.avif 683w, https:\/\/qapasity.com\/wp-content\/uploads\/2025\/02\/farm_01_white-1024x1536.avif 1024w, https:\/\/qapasity.com\/wp-content\/uploads\/2025\/02\/farm_01_white-1365x2048.avif 1365w, https:\/\/qapasity.com\/wp-content\/uploads\/2025\/02\/farm_01_white-8x12.avif 8w, https:\/\/qapasity.com\/wp-content\/uploads\/2025\/02\/farm_01_white-scaled.avif 1707w\" sizes=\"(max-width: 768px) 100vw, 768px\" \/><\/div><\/a>\n\t\t\t\t<div class=\"elementor-post__badge\">Kompatibilitet<\/div>\n\t\t\t\t<div class=\"elementor-post__avatar\">\n\t\t\t\t\t<\/div>\n\t\t\t\t<div class=\"elementor-post__text\">\n\t\t\t\t<h3 class=\"elementor-post__title\">\n\t\t\t<a href=\"https:\/\/qapasity.com\/sv\/energilagring-for-lantbruk\/\" >\n\t\t\t\tEnergilagring f\u00f6r lantbruk\t\t\t<\/a>\n\t\t<\/h3>\n\t\t\t\t<div class=\"elementor-post__excerpt\">\n\t\t\t<p>Batterier till solcellssystem kan vara en v\u00e4rdefull investering f\u00f6r lantbrukare i Sverige av flera sk\u00e4l. De hj\u00e4lper till att optimera energianv\u00e4ndningen, minska elkostnaderna och<\/p>\n\t\t<\/div>\n\t\t\n\t\t<a class=\"elementor-post__read-more\" href=\"https:\/\/qapasity.com\/sv\/energilagring-for-lantbruk\/\" aria-label=\"L\u00e4s mer om Energy Storage for Farms\" tabindex=\"-1\" >\n\t\t\tL\u00e4s mer \"\t\t<\/a>\n\n\t\t\t\t<\/div>\n\t\t\t\t\t<\/div>\n\t\t<\/article>\n\t\t\t\t<article class=\"elementor-post elementor-grid-item post-1358 post type-post status-publish format-standard has-post-thumbnail hentry category-compatibility\" role=\"listitem\">\n\t\t\t<div class=\"elementor-post__card\">\n\t\t\t\t<a class=\"elementor-post__thumbnail__link\" href=\"https:\/\/qapasity.com\/sv\/hur-lagger-jag-till-ett-batteri-i-mitt-solsystem\/\" tabindex=\"-1\" ><div class=\"elementor-post__thumbnail\"><img decoding=\"async\" width=\"768\" height=\"581\" src=\"https:\/\/qapasity.com\/wp-content\/uploads\/2025\/01\/73-1-768x581.avif\" class=\"attachment-medium_large size-medium_large wp-image-682\" alt=\"\" srcset=\"https:\/\/qapasity.com\/wp-content\/uploads\/2025\/01\/73-1-768x581.avif 768w, https:\/\/qapasity.com\/wp-content\/uploads\/2025\/01\/73-1-300x227.avif 300w, https:\/\/qapasity.com\/wp-content\/uploads\/2025\/01\/73-1-1024x775.avif 1024w, https:\/\/qapasity.com\/wp-content\/uploads\/2025\/01\/73-1-1536x1162.avif 1536w, https:\/\/qapasity.com\/wp-content\/uploads\/2025\/01\/73-1-2048x1550.avif 2048w, https:\/\/qapasity.com\/wp-content\/uploads\/2025\/01\/73-1-16x12.avif 16w\" sizes=\"(max-width: 768px) 100vw, 768px\" \/><\/div><\/a>\n\t\t\t\t<div class=\"elementor-post__badge\">Kompatibilitet<\/div>\n\t\t\t\t<div class=\"elementor-post__avatar\">\n\t\t\t\t\t<\/div>\n\t\t\t\t<div class=\"elementor-post__text\">\n\t\t\t\t<h3 class=\"elementor-post__title\">\n\t\t\t<a href=\"https:\/\/qapasity.com\/sv\/hur-lagger-jag-till-ett-batteri-i-mitt-solsystem\/\" >\n\t\t\t\tHur l\u00e4gger jag till ett batteri i min solcellsanl\u00e4ggning?\t\t\t<\/a>\n\t\t<\/h3>\n\t\t\t\t<div class=\"elementor-post__excerpt\">\n\t\t\t<p>I m\u00e5nga fall har hus\u00e4gare i Norden insett f\u00f6rdelarna med att l\u00e4gga till ett batteri f\u00f6rst efter att ha installerat solpaneler. Nedan f\u00f6rklarar vi vad<\/p>\n\t\t<\/div>\n\t\t\n\t\t<a class=\"elementor-post__read-more\" href=\"https:\/\/qapasity.com\/sv\/hur-lagger-jag-till-ett-batteri-i-mitt-solsystem\/\" aria-label=\"L\u00e4s mer om How Do I Add a Battery to My Solar System?\" tabindex=\"-1\" >\n\t\t\tL\u00e4s mer \"\t\t<\/a>\n\n\t\t\t\t<\/div>\n\t\t\t\t\t<\/div>\n\t\t<\/article>\n\t\t\t\t<article class=\"elementor-post elementor-grid-item post-1356 post type-post status-publish format-standard has-post-thumbnail hentry category-battery-101\" role=\"listitem\">\n\t\t\t<div class=\"elementor-post__card\">\n\t\t\t\t<a class=\"elementor-post__thumbnail__link\" href=\"https:\/\/qapasity.com\/sv\/hur-kan-du-bli-mer-sjalvstandig-med-ett-batteri\/\" tabindex=\"-1\" ><div class=\"elementor-post__thumbnail\"><img decoding=\"async\" width=\"768\" height=\"581\" src=\"https:\/\/qapasity.com\/wp-content\/uploads\/2025\/01\/sparkles_4-768x581.avif\" class=\"attachment-medium_large size-medium_large wp-image-687\" alt=\"\" srcset=\"https:\/\/qapasity.com\/wp-content\/uploads\/2025\/01\/sparkles_4-768x581.avif 768w, https:\/\/qapasity.com\/wp-content\/uploads\/2025\/01\/sparkles_4-300x227.avif 300w, https:\/\/qapasity.com\/wp-content\/uploads\/2025\/01\/sparkles_4-1024x775.avif 1024w, https:\/\/qapasity.com\/wp-content\/uploads\/2025\/01\/sparkles_4-1536x1162.avif 1536w, https:\/\/qapasity.com\/wp-content\/uploads\/2025\/01\/sparkles_4-2048x1550.avif 2048w, https:\/\/qapasity.com\/wp-content\/uploads\/2025\/01\/sparkles_4-16x12.avif 16w\" sizes=\"(max-width: 768px) 100vw, 768px\" \/><\/div><\/a>\n\t\t\t\t<div class=\"elementor-post__badge\">Batteri 101<\/div>\n\t\t\t\t<div class=\"elementor-post__avatar\">\n\t\t\t\t\t<\/div>\n\t\t\t\t<div class=\"elementor-post__text\">\n\t\t\t\t<h3 class=\"elementor-post__title\">\n\t\t\t<a href=\"https:\/\/qapasity.com\/sv\/hur-kan-du-bli-mer-sjalvstandig-med-ett-batteri\/\" >\n\t\t\t\tHur kan du bli mer sj\u00e4lvst\u00e4ndig med ett batteri?\t\t\t<\/a>\n\t\t<\/h3>\n\t\t\t\t<div class=\"elementor-post__excerpt\">\n\t\t\t<p>Vilka \u00e4r anledningarna till att investera i ett batteri, och hur ska man t\u00e4nka om framtiden? I det h\u00e4r inl\u00e4gget kommer vi att utforska flera anledningar,<\/p>\n\t\t<\/div>\n\t\t\n\t\t<a class=\"elementor-post__read-more\" href=\"https:\/\/qapasity.com\/sv\/hur-kan-du-bli-mer-sjalvstandig-med-ett-batteri\/\" aria-label=\"L\u00e4s mer om How can you become more independent with a battery?\" tabindex=\"-1\" >\n\t\t\tL\u00e4s mer \"\t\t<\/a>\n\n\t\t\t\t<\/div>\n\t\t\t\t\t<\/div>\n\t\t<\/article>\n\t\t\t\t<article class=\"elementor-post elementor-grid-item post-1354 post type-post status-publish format-standard has-post-thumbnail hentry category-battery-101\" role=\"listitem\">\n\t\t\t<div class=\"elementor-post__card\">\n\t\t\t\t<a class=\"elementor-post__thumbnail__link\" href=\"https:\/\/qapasity.com\/sv\/avgifter-for-batteri-och-toppeffekt\/\" tabindex=\"-1\" ><div class=\"elementor-post__thumbnail\"><img loading=\"lazy\" decoding=\"async\" width=\"768\" height=\"581\" src=\"https:\/\/qapasity.com\/wp-content\/uploads\/2025\/01\/30-1-768x581.avif\" class=\"attachment-medium_large size-medium_large wp-image-859\" alt=\"\" srcset=\"https:\/\/qapasity.com\/wp-content\/uploads\/2025\/01\/30-1-768x581.avif 768w, https:\/\/qapasity.com\/wp-content\/uploads\/2025\/01\/30-1-300x227.avif 300w, https:\/\/qapasity.com\/wp-content\/uploads\/2025\/01\/30-1-1024x775.avif 1024w, https:\/\/qapasity.com\/wp-content\/uploads\/2025\/01\/30-1-1536x1162.avif 1536w, https:\/\/qapasity.com\/wp-content\/uploads\/2025\/01\/30-1-2048x1550.avif 2048w, https:\/\/qapasity.com\/wp-content\/uploads\/2025\/01\/30-1-16x12.avif 16w\" sizes=\"(max-width: 768px) 100vw, 768px\" \/><\/div><\/a>\n\t\t\t\t<div class=\"elementor-post__badge\">Batteri 101<\/div>\n\t\t\t\t<div class=\"elementor-post__avatar\">\n\t\t\t\t\t<\/div>\n\t\t\t\t<div class=\"elementor-post__text\">\n\t\t\t\t<h3 class=\"elementor-post__title\">\n\t\t\t<a href=\"https:\/\/qapasity.com\/sv\/avgifter-for-batteri-och-toppeffekt\/\" >\n\t\t\t\tAvgifter f\u00f6r batteri och toppeffekt\t\t\t<\/a>\n\t\t<\/h3>\n\t\t\t\t<div class=\"elementor-post__excerpt\">\n\t\t\t<p>Eln\u00e4tets framtid: Hur efterfr\u00e5getariffer p\u00e5verkar energianv\u00e4ndningen och smarta l\u00f6sningar Sveriges eln\u00e4t genomg\u00e5r stora f\u00f6r\u00e4ndringar f\u00f6r att \u00f6ka effektiviteten<\/p>\n\t\t<\/div>\n\t\t\n\t\t<a class=\"elementor-post__read-more\" href=\"https:\/\/qapasity.com\/sv\/avgifter-for-batteri-och-toppeffekt\/\" aria-label=\"L\u00e4s mer om Battery and Peak Power Fees\" tabindex=\"-1\" >\n\t\t\tL\u00e4s mer \"\t\t<\/a>\n\n\t\t\t\t<\/div>\n\t\t\t\t\t<\/div>\n\t\t<\/article>\n\t\t\t\t<article class=\"elementor-post elementor-grid-item post-1345 post type-post status-publish format-standard has-post-thumbnail hentry category-battery-101\" role=\"listitem\">\n\t\t\t<div class=\"elementor-post__card\">\n\t\t\t\t<a class=\"elementor-post__thumbnail__link\" href=\"https:\/\/qapasity.com\/sv\/batteri-101-del-2-batteritillampningar\/\" tabindex=\"-1\" ><div class=\"elementor-post__thumbnail\"><img loading=\"lazy\" decoding=\"async\" width=\"768\" height=\"581\" src=\"https:\/\/qapasity.com\/wp-content\/uploads\/2025\/01\/73-768x581.avif\" class=\"attachment-medium_large size-medium_large wp-image-634\" alt=\"\" srcset=\"https:\/\/qapasity.com\/wp-content\/uploads\/2025\/01\/73-768x581.avif 768w, https:\/\/qapasity.com\/wp-content\/uploads\/2025\/01\/73-300x227.avif 300w, https:\/\/qapasity.com\/wp-content\/uploads\/2025\/01\/73-1024x775.avif 1024w, https:\/\/qapasity.com\/wp-content\/uploads\/2025\/01\/73-1536x1162.avif 1536w, https:\/\/qapasity.com\/wp-content\/uploads\/2025\/01\/73-2048x1550.avif 2048w, https:\/\/qapasity.com\/wp-content\/uploads\/2025\/01\/73-16x12.avif 16w\" sizes=\"(max-width: 768px) 100vw, 768px\" \/><\/div><\/a>\n\t\t\t\t<div class=\"elementor-post__badge\">Batteri 101<\/div>\n\t\t\t\t<div class=\"elementor-post__avatar\">\n\t\t\t\t\t<\/div>\n\t\t\t\t<div class=\"elementor-post__text\">\n\t\t\t\t<h3 class=\"elementor-post__title\">\n\t\t\t<a href=\"https:\/\/qapasity.com\/sv\/batteri-101-del-2-batteritillampningar\/\" >\n\t\t\t\tBatteri 101 - Del 2: Batteritill\u00e4mpningar\t\t\t<\/a>\n\t\t<\/h3>\n\t\t\t\t<div class=\"elementor-post__excerpt\">\n\t\t\t<p>I det h\u00e4r blogginl\u00e4gget dyker vi djupare in i hur batterier kan anv\u00e4ndas. Det finns m\u00e5nga olika till\u00e4mpningsomr\u00e5den och anv\u00e4ndningsomr\u00e5den f\u00f6r batterier. I framtiden kommer<\/p>\n\t\t<\/div>\n\t\t\n\t\t<a class=\"elementor-post__read-more\" href=\"https:\/\/qapasity.com\/sv\/batteri-101-del-2-batteritillampningar\/\" aria-label=\"L\u00e4s mer om Battery 101 &#8211; Part 2: Battery Applications\" tabindex=\"-1\" >\n\t\t\tL\u00e4s mer \"\t\t<\/a>\n\n\t\t\t\t<\/div>\n\t\t\t\t\t<\/div>\n\t\t<\/article>\n\t\t\t\t<article class=\"elementor-post elementor-grid-item post-1342 post type-post status-publish format-standard has-post-thumbnail hentry category-battery-101\" role=\"listitem\">\n\t\t\t<div class=\"elementor-post__card\">\n\t\t\t\t<a class=\"elementor-post__thumbnail__link\" href=\"https:\/\/qapasity.com\/sv\/batteri-101-del-1\/\" tabindex=\"-1\" ><div class=\"elementor-post__thumbnail\"><img loading=\"lazy\" decoding=\"async\" width=\"768\" height=\"581\" src=\"https:\/\/qapasity.com\/wp-content\/uploads\/2025\/01\/28-768x581.avif\" class=\"attachment-medium_large size-medium_large wp-image-87\" alt=\"\" srcset=\"https:\/\/qapasity.com\/wp-content\/uploads\/2025\/01\/28-768x581.avif 768w, https:\/\/qapasity.com\/wp-content\/uploads\/2025\/01\/28-300x227.avif 300w, https:\/\/qapasity.com\/wp-content\/uploads\/2025\/01\/28-1024x775.avif 1024w, https:\/\/qapasity.com\/wp-content\/uploads\/2025\/01\/28-1536x1162.avif 1536w, https:\/\/qapasity.com\/wp-content\/uploads\/2025\/01\/28-2048x1550.avif 2048w\" sizes=\"(max-width: 768px) 100vw, 768px\" \/><\/div><\/a>\n\t\t\t\t<div class=\"elementor-post__badge\">Batteri 101<\/div>\n\t\t\t\t<div class=\"elementor-post__avatar\">\n\t\t\t\t\t<\/div>\n\t\t\t\t<div class=\"elementor-post__text\">\n\t\t\t\t<h3 class=\"elementor-post__title\">\n\t\t\t<a href=\"https:\/\/qapasity.com\/sv\/batteri-101-del-1\/\" >\n\t\t\t\tBatteri 101 - Del 1: Grunderna i batterisystem\t\t\t<\/a>\n\t\t<\/h3>\n\t\t\t\t<div class=\"elementor-post__excerpt\">\n\t\t\t<p>Batterisystem spelar en avg\u00f6rande roll n\u00e4r det g\u00e4ller att maximera f\u00f6rdelarna med solcellsanl\u00e4ggningar och andra energil\u00f6sningar. I den h\u00e4r artikeln g\u00e5r vi igenom viktiga tekniska begrepp<\/p>\n\t\t<\/div>\n\t\t\n\t\t<a class=\"elementor-post__read-more\" href=\"https:\/\/qapasity.com\/sv\/batteri-101-del-1\/\" aria-label=\"L\u00e4s mer om Battery 101 &#8211; Part 1: The Basics of Battery Systems\" tabindex=\"-1\" >\n\t\t\tL\u00e4s mer \"\t\t<\/a>\n\n\t\t\t\t<\/div>\n\t\t\t\t\t<\/div>\n\t\t<\/article>\n\t\t\t\t<\/div>\n\t\t\n\t\t\t\t<div class=\"e-load-more-anchor\" data-page=\"1\" data-max-page=\"3\" data-next-page=\"https:\/\/qapasity.com\/wp-json\/wp\/v2\/pages\/292\/page\/2\/\"><\/div>\n\t\t\t\t<nav class=\"elementor-pagination\" aria-label=\"Sidonumrering\">\n\t\t\t<span aria-current=\"page\" class=\"page-numbers current\"><span class=\"elementor-screen-only\">Sida<\/span>1<\/span>\n<a class=\"page-numbers\" href=\"https:\/\/qapasity.com\/wp-json\/wp\/v2\/pages\/292\/page\/2\/\"><span class=\"elementor-screen-only\">Sida<\/span>2<\/a>\n<a class=\"page-numbers\" href=\"https:\/\/qapasity.com\/wp-json\/wp\/v2\/pages\/292\/page\/3\/\"><span class=\"elementor-screen-only\">Sida<\/span>3<\/a>\t\t<\/nav>\n\t\t\t\t\t\t<\/div>\n\t\t\t\t<\/div>\n\t\t\t\t\t<\/div>\n\t\t\t\t<\/div>\n\t\t\t\t<\/div>","protected":false},"excerpt":{"rendered":"<p>qapasity Blogg qapasity blogg<\/p>","protected":false},"author":2,"featured_media":0,"parent":0,"menu_order":0,"comment_status":"closed","ping_status":"closed","template":"elementor_header_footer","meta":{"footnotes":""},"class_list":["post-292","page","type-page","status-publish","hentry"],"yoast_head":"<!-- This site is optimized with the Yoast SEO Premium plugin v26.3 (Yoast SEO v27.4) - https:\/\/yoast.com\/product\/yoast-seo-premium-wordpress\/ -->\n<title>Blog - Qapasity<\/title>\n<meta name=\"robots\" content=\"index, follow, max-snippet:-1, max-image-preview:large, max-video-preview:-1\" \/>\n<link rel=\"canonical\" href=\"https:\/\/qapasity.com\/sv\/blogg\/\" \/>\n<meta property=\"og:locale\" content=\"sv_SE\" \/>\n<meta property=\"og:type\" content=\"article\" \/>\n<meta property=\"og:title\" content=\"Blog\" \/>\n<meta property=\"og:description\" content=\"qapasity Blog qapasity blog\" \/>\n<meta property=\"og:url\" content=\"https:\/\/qapasity.com\/sv\/blogg\/\" \/>\n<meta property=\"og:site_name\" content=\"Qapasity\" \/>\n<meta property=\"article:modified_time\" content=\"2025-02-03T13:54:12+00:00\" \/>\n<meta name=\"twitter:card\" content=\"summary_large_image\" \/>\n<meta name=\"twitter:label1\" content=\"Ber\u00e4knad l\u00e4stid\" \/>\n\t<meta name=\"twitter:data1\" content=\"1 minut\" \/>\n<script type=\"application\/ld+json\" class=\"yoast-schema-graph\">{\"@context\":\"https:\\\/\\\/schema.org\",\"@graph\":[{\"@type\":\"WebPage\",\"@id\":\"https:\\\/\\\/qapasity.com\\\/blog\\\/\",\"url\":\"https:\\\/\\\/qapasity.com\\\/blog\\\/\",\"name\":\"Blog - Qapasity\",\"isPartOf\":{\"@id\":\"https:\\\/\\\/qapasity.com\\\/#website\"},\"datePublished\":\"2025-01-24T13:03:10+00:00\",\"dateModified\":\"2025-02-03T13:54:12+00:00\",\"breadcrumb\":{\"@id\":\"https:\\\/\\\/qapasity.com\\\/blog\\\/#breadcrumb\"},\"inLanguage\":\"sv-SE\",\"potentialAction\":[{\"@type\":\"ReadAction\",\"target\":[\"https:\\\/\\\/qapasity.com\\\/blog\\\/\"]}]},{\"@type\":\"BreadcrumbList\",\"@id\":\"https:\\\/\\\/qapasity.com\\\/blog\\\/#breadcrumb\",\"itemListElement\":[{\"@type\":\"ListItem\",\"position\":1,\"name\":\"Hem\",\"item\":\"https:\\\/\\\/qapasity.com\\\/\"},{\"@type\":\"ListItem\",\"position\":2,\"name\":\"Blog\"}]},{\"@type\":\"WebSite\",\"@id\":\"https:\\\/\\\/qapasity.com\\\/#website\",\"url\":\"https:\\\/\\\/qapasity.com\\\/\",\"name\":\"Qapasity\",\"description\":\"\",\"publisher\":{\"@id\":\"https:\\\/\\\/qapasity.com\\\/#organization\"},\"potentialAction\":[{\"@type\":\"SearchAction\",\"target\":{\"@type\":\"EntryPoint\",\"urlTemplate\":\"https:\\\/\\\/qapasity.com\\\/?s={search_term_string}\"},\"query-input\":{\"@type\":\"PropertyValueSpecification\",\"valueRequired\":true,\"valueName\":\"search_term_string\"}}],\"inLanguage\":\"sv-SE\"},{\"@type\":\"Organization\",\"@id\":\"https:\\\/\\\/qapasity.com\\\/#organization\",\"name\":\"Qapasity\",\"url\":\"https:\\\/\\\/qapasity.com\\\/\",\"logo\":{\"@type\":\"ImageObject\",\"inLanguage\":\"sv-SE\",\"@id\":\"https:\\\/\\\/qapasity.com\\\/#\\\/schema\\\/logo\\\/image\\\/\",\"url\":\"https:\\\/\\\/qapasity.com\\\/wp-content\\\/uploads\\\/2025\\\/01\\\/Black-logo-no-background-png.avif\",\"contentUrl\":\"https:\\\/\\\/qapasity.com\\\/wp-content\\\/uploads\\\/2025\\\/01\\\/Black-logo-no-background-png.avif\",\"width\":3163,\"height\":973,\"caption\":\"Qapasity\"},\"image\":{\"@id\":\"https:\\\/\\\/qapasity.com\\\/#\\\/schema\\\/logo\\\/image\\\/\"}}]}<\/script>\n<!-- \/ Yoast SEO Premium plugin. -->","yoast_head_json":{"title":"Blogg - Qapasity","robots":{"index":"index","follow":"follow","max-snippet":"max-snippet:-1","max-image-preview":"max-image-preview:large","max-video-preview":"max-video-preview:-1"},"canonical":"https:\/\/qapasity.com\/sv\/blogg\/","og_locale":"sv_SE","og_type":"article","og_title":"Blog","og_description":"qapasity Blog qapasity blog","og_url":"https:\/\/qapasity.com\/sv\/blogg\/","og_site_name":"Qapasity","article_modified_time":"2025-02-03T13:54:12+00:00","twitter_card":"summary_large_image","twitter_misc":{"Ber\u00e4knad l\u00e4stid":"1 minut"},"schema":{"@context":"https:\/\/schema.org","@graph":[{"@type":"WebPage","@id":"https:\/\/qapasity.com\/blog\/","url":"https:\/\/qapasity.com\/blog\/","name":"Blogg - Qapasity","isPartOf":{"@id":"https:\/\/qapasity.com\/#website"},"datePublished":"2025-01-24T13:03:10+00:00","dateModified":"2025-02-03T13:54:12+00:00","breadcrumb":{"@id":"https:\/\/qapasity.com\/blog\/#breadcrumb"},"inLanguage":"sv-SE","potentialAction":[{"@type":"ReadAction","target":["https:\/\/qapasity.com\/blog\/"]}]},{"@type":"BreadcrumbList","@id":"https:\/\/qapasity.com\/blog\/#breadcrumb","itemListElement":[{"@type":"ListItem","position":1,"name":"Hem","item":"https:\/\/qapasity.com\/"},{"@type":"ListItem","position":2,"name":"Blog"}]},{"@type":"WebSite","@id":"https:\/\/qapasity.com\/#website","url":"https:\/\/qapasity.com\/","name":"Qapasity","description":"","publisher":{"@id":"https:\/\/qapasity.com\/#organization"},"potentialAction":[{"@type":"SearchAction","target":{"@type":"EntryPoint","urlTemplate":"https:\/\/qapasity.com\/?s={search_term_string}"},"query-input":{"@type":"PropertyValueSpecification","valueRequired":true,"valueName":"search_term_string"}}],"inLanguage":"sv-SE"},{"@type":"Organization","@id":"https:\/\/qapasity.com\/#organization","name":"Qapasity","url":"https:\/\/qapasity.com\/","logo":{"@type":"ImageObject","inLanguage":"sv-SE","@id":"https:\/\/qapasity.com\/#\/schema\/logo\/image\/","url":"https:\/\/qapasity.com\/wp-content\/uploads\/2025\/01\/Black-logo-no-background-png.avif","contentUrl":"https:\/\/qapasity.com\/wp-content\/uploads\/2025\/01\/Black-logo-no-background-png.avif","width":3163,"height":973,"caption":"Qapasity"},"image":{"@id":"https:\/\/qapasity.com\/#\/schema\/logo\/image\/"}}]}},"_links":{"self":[{"href":"https:\/\/qapasity.com\/sv\/wp-json\/wp\/v2\/pages\/292","targetHints":{"allow":["GET"]}}],"collection":[{"href":"https:\/\/qapasity.com\/sv\/wp-json\/wp\/v2\/pages"}],"about":[{"href":"https:\/\/qapasity.com\/sv\/wp-json\/wp\/v2\/types\/page"}],"author":[{"embeddable":true,"href":"https:\/\/qapasity.com\/sv\/wp-json\/wp\/v2\/users\/2"}],"replies":[{"embeddable":true,"href":"https:\/\/qapasity.com\/sv\/wp-json\/wp\/v2\/comments?post=292"}],"version-history":[{"count":145,"href":"https:\/\/qapasity.com\/sv\/wp-json\/wp\/v2\/pages\/292\/revisions"}],"predecessor-version":[{"id":1267,"href":"https:\/\/qapasity.com\/sv\/wp-json\/wp\/v2\/pages\/292\/revisions\/1267"}],"wp:attachment":[{"href":"https:\/\/qapasity.com\/sv\/wp-json\/wp\/v2\/media?parent=292"}],"curies":[{"name":"wp","href":"https:\/\/api.w.org\/{rel}","templated":true}]}}